{"id":169,"date":"2015-03-18T11:32:10","date_gmt":"2015-03-18T10:32:10","guid":{"rendered":"http:\/\/www.efco.lu\/?page_id=169"},"modified":"2015-03-18T11:51:53","modified_gmt":"2015-03-18T10:51:53","slug":"candidature-spontannee","status":"publish","type":"page","link":"https:\/\/www.efco.lu\/?page_id=169&lang=fr","title":{"rendered":"Candidature spontann\u00e9e"},"content":{"rendered":"<p>Pour d\u00e9poser une candidature spontann\u00e9e, veuillez t\u00e9l\u00e9charger votre CV (avec photo) ainsi que toutes pi\u00e8ces pouvant soutenir votre candidature. N\u2019oubliez pas de pr\u00e9ciser le poste pour lequel vous postulez dans le sujet. Nous \u00e9tudierons votre candidature et vous adresserons une r\u00e9ponse si nous sommes interess\u00e9s.<\/p>\n<p>Nous vous remercions pour l\u2019interet port\u00e9 \u00e0 notre soci\u00e9t\u00e9,<\/p>\n<p>L\u2019\u00e9quipe R-H de Efco-Forodia Exploitation<\/p>\n<p>&nbsp;<\/p>\n<div role=\"form\" class=\"wpcf7\" id=\"wpcf7-f171-o1\" lang=\"fr-FR\" dir=\"ltr\">\n<div class=\"screen-reader-response\"><p role=\"status\" aria-live=\"polite\" aria-atomic=\"true\"><\/p> <ul><\/ul><\/div>\n<form action=\"\/index.php?rest_route=%2Fwp%2Fv2%2Fpages%2F169#wpcf7-f171-o1\" method=\"post\" class=\"wpcf7-form init\" enctype=\"multipart\/form-data\" novalidate=\"novalidate\" data-status=\"init\">\n<div style=\"display: none;\">\n<input type=\"hidden\" name=\"_wpcf7\" value=\"171\" \/>\n<input type=\"hidden\" name=\"_wpcf7_version\" value=\"5.6.4\" \/>\n<input type=\"hidden\" name=\"_wpcf7_locale\" value=\"fr_FR\" \/>\n<input type=\"hidden\" name=\"_wpcf7_unit_tag\" value=\"wpcf7-f171-o1\" \/>\n<input type=\"hidden\" name=\"_wpcf7_container_post\" value=\"0\" \/>\n<input type=\"hidden\" name=\"_wpcf7_posted_data_hash\" value=\"\" \/>\n<\/div>\n<p><font color=\"0000FD\">\n<p style=\"text-align:center\"><strong>VOTRE PROFIL :<\/strong><\/p>\n<p> <\/font><\/p>\n<p><label for=\"Nom\">Votre nom (obligatoire) :<\/label><br \/>\n   <span class=\"wpcf7-form-control-wrap\" data-name=\"Nom\"><input type=\"text\" name=\"Nom\" value=\"\" size=\"40\" class=\"wpcf7-form-control wpcf7-text wpcf7-validates-as-required\" aria-required=\"true\" aria-invalid=\"false\" placeholder=\"Nom\" \/><\/span> <\/p>\n<p><label for=\"Prenom\">Votre Pr\u00e9nom (obligatoire):<\/label><br \/>\n   <span class=\"wpcf7-form-control-wrap\" data-name=\"Prenom\"><input type=\"text\" name=\"Prenom\" value=\"\" size=\"40\" class=\"wpcf7-form-control wpcf7-text wpcf7-validates-as-required\" aria-required=\"true\" aria-invalid=\"false\" placeholder=\"Pr\u00e9nom\" \/><\/span> <\/p>\n<p><label for=\"adresseEmail\">Votre adresse Email (obligatoire):<\/label><br \/>\n   <span class=\"wpcf7-form-control-wrap\" data-name=\"adresseEmail\"><input type=\"email\" name=\"adresseEmail\" value=\"\" size=\"40\" class=\"wpcf7-form-control wpcf7-text wpcf7-email wpcf7-validates-as-required wpcf7-validates-as-email\" aria-required=\"true\" aria-invalid=\"false\" placeholder=\"exemple@mail.lu\" \/><\/span> <\/p>\n<p><label for=\"telephone\">Votre num\u00e9ro de t\u00e9l\u00e9phone:<\/label><br \/>\n   <span class=\"wpcf7-form-control-wrap\" data-name=\"telephone\"><input type=\"tel\" name=\"telephone\" value=\"\" size=\"40\" class=\"wpcf7-form-control wpcf7-text wpcf7-tel wpcf7-validates-as-tel\" aria-invalid=\"false\" placeholder=\"+352 65 24 52 XX\" \/><\/span> <\/p>\n<p>\n<font color=\"0000FD\">\n<p style=\"text-align:center\"><strong>VOTRE CANDIDATURE:<\/strong><\/p>\n<p><\/font><\/p>\n<p><label for=\"poste\">Poste recherch\u00e9 (obligatoire) :<\/label><br \/>\n   <span class=\"wpcf7-form-control-wrap\" data-name=\"poste\"><input type=\"text\" name=\"poste\" value=\"\" size=\"40\" class=\"wpcf7-form-control wpcf7-text wpcf7-validates-as-required\" aria-required=\"true\" aria-invalid=\"false\" placeholder=\"intitul\u00e9 du poste\" \/><\/span><\/p>\n<p><label for=\"CV\">Votre Curriculum Vitae (formats accept\u00e9s .pdf, .doc, .docx):<\/label><br \/>\n   <span class=\"wpcf7-form-control-wrap\" data-name=\"CV\"><input type=\"file\" name=\"CV\" size=\"40\" class=\"wpcf7-form-control wpcf7-file wpcf7-validates-as-required\" accept=\".pdf,.doc,.docx\" aria-required=\"true\" aria-invalid=\"false\" \/><\/span> <\/p>\n<p><label for=\"Lettredemotivation\">Votre lettre de motivation (formats accept\u00e9s .pdf , .doc, .docx):<\/label><br \/>\n   <span class=\"wpcf7-form-control-wrap\" data-name=\"Lettredemotivation\"><input type=\"file\" name=\"Lettredemotivation\" size=\"40\" class=\"wpcf7-form-control wpcf7-file wpcf7-validates-as-required\" accept=\".pdf,.doc,.docx\" aria-required=\"true\" aria-invalid=\"false\" \/><\/span> <\/p>\n<p><label for=\"complements\">Autres documents utiles (formats accept\u00e9s .pdf, .doc, .docx):<\/label><br \/>\n   <span class=\"wpcf7-form-control-wrap\" data-name=\"complements\"><input type=\"file\" name=\"complements\" size=\"40\" class=\"wpcf7-form-control wpcf7-file\" accept=\".pdf,.doc,.docx\" aria-invalid=\"false\" \/><\/span> <\/p>\n<p>                    <input type=\"hidden\" name=\"_wpcf7_captcha_challenge_captcha-543\" value=\"3559238464\" \/><img class=\"wpcf7-form-control wpcf7-captchac wpcf7-captcha-captcha-543\" width=\"72\" height=\"24\" alt=\"captcha\" src=\"https:\/\/www.efco.lu\/wp-content\/uploads\/wpcf7_captcha\/3559238464.png\" \/><br \/>\n                    <span class=\"wpcf7-form-control-wrap\" data-name=\"captcha-543\"><input type=\"text\" name=\"captcha-543\" value=\"\" size=\"40\" class=\"wpcf7-form-control wpcf7-captchar\" autocomplete=\"off\" aria-invalid=\"false\" placeholder=\"Veuillez recopier le Captcha\" \/><\/span><\/p>\n<p><strong> <input type=\"submit\" value=\"Envoyer\" class=\"wpcf7-form-control has-spinner wpcf7-submit\" \/> <\/strong><\/p>\n<div class=\"wpcf7-response-output\" aria-hidden=\"true\"><\/div><\/form><\/div>\n<p>&nbsp;<\/p>\n<p>&nbsp;<\/p>\n","protected":false},"excerpt":{"rendered":"<p>Pour d\u00e9poser une candidature spontann\u00e9e, veuillez t\u00e9l\u00e9charger votre CV (avec photo) ainsi que toutes pi\u00e8ces pouvant soutenir votre candidature. N\u2019oubliez pas de pr\u00e9ciser le poste pour lequel vous postulez dans le sujet. Nous \u00e9tudierons votre candidature et vous adresserons une r\u00e9ponse si nous sommes interess\u00e9s. Nous vous remercions pour l\u2019interet port\u00e9 \u00e0 notre soci\u00e9t\u00e9, L\u2019\u00e9quipe [&hellip;]<\/p>\n","protected":false},"author":2,"featured_media":0,"parent":0,"menu_order":0,"comment_status":"closed","ping_status":"closed","template":"","meta":[],"_links":{"self":[{"href":"https:\/\/www.efco.lu\/index.php?rest_route=\/wp\/v2\/pages\/169"}],"collection":[{"href":"https:\/\/www.efco.lu\/index.php?rest_route=\/wp\/v2\/pages"}],"about":[{"href":"https:\/\/www.efco.lu\/index.php?rest_route=\/wp\/v2\/types\/page"}],"author":[{"embeddable":true,"href":"https:\/\/www.efco.lu\/index.php?rest_route=\/wp\/v2\/users\/2"}],"replies":[{"embeddable":true,"href":"https:\/\/www.efco.lu\/index.php?rest_route=%2Fwp%2Fv2%2Fcomments&post=169"}],"version-history":[{"count":2,"href":"https:\/\/www.efco.lu\/index.php?rest_route=\/wp\/v2\/pages\/169\/revisions"}],"predecessor-version":[{"id":172,"href":"https:\/\/www.efco.lu\/index.php?rest_route=\/wp\/v2\/pages\/169\/revisions\/172"}],"wp:attachment":[{"href":"https:\/\/www.efco.lu\/index.php?rest_route=%2Fwp%2Fv2%2Fmedia&parent=169"}],"curies":[{"name":"wp","href":"https:\/\/api.w.org\/{rel}","templated":true}]}}