{"id":196,"date":"2015-03-19T16:29:40","date_gmt":"2015-03-19T15:29:40","guid":{"rendered":"http:\/\/www.efco.lu\/?page_id=196"},"modified":"2016-04-21T16:33:05","modified_gmt":"2016-04-21T15:33:05","slug":"societes","status":"publish","type":"page","link":"https:\/\/www.efco.lu\/?page_id=196&lang=fr","title":{"rendered":"Soci\u00e9t\u00e9s"},"content":{"rendered":"<p><strong>B\u00e9tons et Mat\u00e9riaux SA :<\/strong> Sp\u00e9cialiste de la pr\u00e9paration et de la livraison de b\u00e9tons pr\u00e9par\u00e9s ainsi que des fournitures de mat\u00e9riaux de carri\u00e8re et recycl\u00e9s agr\u00e9\u00e9s.<a href=\"http:\/\/www.betons-et-materiaux.lu\/?lang=fr\"><img decoding=\"async\" loading=\"lazy\" class=\"wp-image-47 alignright\" style=\"width: 150px; height: 85px;\" alt=\"Beton\" src=\"https:\/\/www.efco.lu\/wp-content\/uploads\/2013\/12\/Beton-300x179.jpg\" width=\"90\" height=\"53\" srcset=\"https:\/\/www.efco.lu\/wp-content\/uploads\/2013\/12\/Beton-300x179.jpg 300w, https:\/\/www.efco.lu\/wp-content\/uploads\/2013\/12\/Beton-1024x613.jpg 1024w, https:\/\/www.efco.lu\/wp-content\/uploads\/2013\/12\/Beton-366x220.jpg 366w\" sizes=\"(max-width: 90px) 100vw, 90px\" \/><\/a><\/p>\n<p><a title=\"B\u00e9tons et Mat\u00e9riaux SA\" href=\"http:\/\/www.betons-et-materiaux.lu\/\" target=\"_blank\">www.betons-et-materiaux.lu<\/a><\/p>\n<p>&nbsp;<\/p>\n<p><strong>BAATZ Constructions Exploitation S.\u00e0r.l :<\/strong> Soci\u00e9t\u00e9 de constructions sp\u00e9cialis\u00e9e dans le g\u00e9nie civil. Vous pouvez contacter l\u2019entreprise pour vos travaux de terrassement, palplanches, voirie, travaux sp\u00e9ciaux, travaux d\u2019infrastructure, d\u00e9molitions, recyclage et traitement des sols. <a href=\"http:\/\/www.baatz.lu\/?lang=fr\"><img decoding=\"async\" loading=\"lazy\" class=\" wp-image-399 alignright\" alt=\"Baatz Constructions Exploitation 449 x 269\" src=\"https:\/\/www.efco.lu\/wp-content\/uploads\/2015\/03\/Baatz-Constructions-Exploitation-449-x-2691-300x179.jpg\" width=\"150\" height=\"85\" \/><\/a><\/p>\n<p><a href=\"www.baatz.lu\" target=\"_blank\">www.baatz.lu<\/a><\/p>\n<p>&nbsp;<\/p>\n<p>&nbsp;<\/p>\n<p>&nbsp;<\/p>\n","protected":false},"excerpt":{"rendered":"<p>B\u00e9tons et Mat\u00e9riaux SA : Sp\u00e9cialiste de la pr\u00e9paration et de la livraison de b\u00e9tons pr\u00e9par\u00e9s ainsi que des fournitures de mat\u00e9riaux de carri\u00e8re et recycl\u00e9s agr\u00e9\u00e9s. www.betons-et-materiaux.lu &nbsp; BAATZ Constructions Exploitation S.\u00e0r.l : Soci\u00e9t\u00e9 de constructions sp\u00e9cialis\u00e9e dans le g\u00e9nie civil. Vous pouvez contacter l\u2019entreprise pour vos travaux de terrassement, palplanches, voirie, travaux sp\u00e9ciaux, [&hellip;]<\/p>\n","protected":false},"author":2,"featured_media":0,"parent":0,"menu_order":0,"comment_status":"closed","ping_status":"closed","template":"","meta":[],"_links":{"self":[{"href":"https:\/\/www.efco.lu\/index.php?rest_route=\/wp\/v2\/pages\/196"}],"collection":[{"href":"https:\/\/www.efco.lu\/index.php?rest_route=\/wp\/v2\/pages"}],"about":[{"href":"https:\/\/www.efco.lu\/index.php?rest_route=\/wp\/v2\/types\/page"}],"author":[{"embeddable":true,"href":"https:\/\/www.efco.lu\/index.php?rest_route=\/wp\/v2\/users\/2"}],"replies":[{"embeddable":true,"href":"https:\/\/www.efco.lu\/index.php?rest_route=%2Fwp%2Fv2%2Fcomments&post=196"}],"version-history":[{"count":13,"href":"https:\/\/www.efco.lu\/index.php?rest_route=\/wp\/v2\/pages\/196\/revisions"}],"predecessor-version":[{"id":400,"href":"https:\/\/www.efco.lu\/index.php?rest_route=\/wp\/v2\/pages\/196\/revisions\/400"}],"wp:attachment":[{"href":"https:\/\/www.efco.lu\/index.php?rest_route=%2Fwp%2Fv2%2Fmedia&parent=196"}],"curies":[{"name":"wp","href":"https:\/\/api.w.org\/{rel}","templated":true}]}}