{"id":279,"date":"2015-07-10T16:02:18","date_gmt":"2015-07-10T15:02:18","guid":{"rendered":"http:\/\/www.efco.lu\/?page_id=279"},"modified":"2015-07-28T08:58:42","modified_gmt":"2015-07-28T07:58:42","slug":"verinage","status":"publish","type":"page","link":"https:\/\/www.efco.lu\/?page_id=279&lang=fr","title":{"rendered":"V\u00e9rinage"},"content":{"rendered":"<p>&nbsp;<\/p>\n<p>Le v\u00e9rinage permet la d\u00e9molition de massifs en b\u00e9ton, de voiles ou dalles de grande \u00e9paisseur. Les v\u00e9rins hydrauliques d&rsquo;une force de 1200 tonnes permettent de casser ou d\u00e9placer ces gros massifs.<\/p>\n<p>Cette technique dispose de plusieurs avantages :<\/p>\n<ul>\n<li>Contr\u00f4le de la d\u00e9molition<\/li>\n<li>Peu ou pas de\u00a0vibrations<\/li>\n<li>Technique silencieuse<\/li>\n<\/ul>\n<p>&nbsp;<\/p>\n\n\t\t<style type=\"text\/css\">\n\t\t\t#gallery-1 {\n\t\t\t\tmargin: auto;\n\t\t\t}\n\t\t\t#gallery-1 .gallery-item {\n\t\t\t\tfloat: left;\n\t\t\t\tmargin-top: 10px;\n\t\t\t\ttext-align: center;\n\t\t\t\twidth: 33%;\n\t\t\t}\n\t\t\t#gallery-1 img {\n\t\t\t\tborder: 2px solid #cfcfcf;\n\t\t\t}\n\t\t\t#gallery-1 .gallery-caption {\n\t\t\t\tmargin-left: 0;\n\t\t\t}\n\t\t\t\/* see gallery_shortcode() in wp-includes\/media.php *\/\n\t\t<\/style>\n\t\t<div id='gallery-1' class='gallery galleryid-279 gallery-columns-3 gallery-size-thumbnail'><dl class='gallery-item'>\n\t\t\t<dt class='gallery-icon landscape'>\n\t\t\t\t<a href='https:\/\/www.efco.lu\/wp-content\/uploads\/2015\/07\/Photo-Plaquettes-1.jpg'><img width=\"150\" height=\"150\" src=\"https:\/\/www.efco.lu\/wp-content\/uploads\/2015\/07\/Photo-Plaquettes-1-150x150.jpg\" class=\"attachment-thumbnail size-thumbnail\" alt=\"\" decoding=\"async\" loading=\"lazy\" srcset=\"https:\/\/www.efco.lu\/wp-content\/uploads\/2015\/07\/Photo-Plaquettes-1-150x150.jpg 150w, https:\/\/www.efco.lu\/wp-content\/uploads\/2015\/07\/Photo-Plaquettes-1-60x60.jpg 60w, https:\/\/www.efco.lu\/wp-content\/uploads\/2015\/07\/Photo-Plaquettes-1-50x50.jpg 50w, https:\/\/www.efco.lu\/wp-content\/uploads\/2015\/07\/Photo-Plaquettes-1-100x100.jpg 100w\" sizes=\"(max-width: 150px) 100vw, 150px\" \/><\/a>\n\t\t\t<\/dt><\/dl><dl class='gallery-item'>\n\t\t\t<dt class='gallery-icon landscape'>\n\t\t\t\t<a href='https:\/\/www.efco.lu\/wp-content\/uploads\/2015\/07\/photo-300904-015.jpg'><img width=\"150\" height=\"150\" src=\"https:\/\/www.efco.lu\/wp-content\/uploads\/2015\/07\/photo-300904-015-150x150.jpg\" class=\"attachment-thumbnail size-thumbnail\" alt=\"\" decoding=\"async\" loading=\"lazy\" srcset=\"https:\/\/www.efco.lu\/wp-content\/uploads\/2015\/07\/photo-300904-015-150x150.jpg 150w, https:\/\/www.efco.lu\/wp-content\/uploads\/2015\/07\/photo-300904-015-60x60.jpg 60w, https:\/\/www.efco.lu\/wp-content\/uploads\/2015\/07\/photo-300904-015-50x50.jpg 50w, https:\/\/www.efco.lu\/wp-content\/uploads\/2015\/07\/photo-300904-015-100x100.jpg 100w\" sizes=\"(max-width: 150px) 100vw, 150px\" \/><\/a>\n\t\t\t<\/dt><\/dl><dl class='gallery-item'>\n\t\t\t<dt class='gallery-icon landscape'>\n\t\t\t\t<a href='https:\/\/www.efco.lu\/wp-content\/uploads\/2015\/07\/Photo-Plaquettes-001.jpg'><img width=\"150\" height=\"150\" src=\"https:\/\/www.efco.lu\/wp-content\/uploads\/2015\/07\/Photo-Plaquettes-001-150x150.jpg\" class=\"attachment-thumbnail size-thumbnail\" alt=\"\" decoding=\"async\" loading=\"lazy\" srcset=\"https:\/\/www.efco.lu\/wp-content\/uploads\/2015\/07\/Photo-Plaquettes-001-150x150.jpg 150w, https:\/\/www.efco.lu\/wp-content\/uploads\/2015\/07\/Photo-Plaquettes-001-60x60.jpg 60w, https:\/\/www.efco.lu\/wp-content\/uploads\/2015\/07\/Photo-Plaquettes-001-50x50.jpg 50w, https:\/\/www.efco.lu\/wp-content\/uploads\/2015\/07\/Photo-Plaquettes-001-100x100.jpg 100w\" sizes=\"(max-width: 150px) 100vw, 150px\" \/><\/a>\n\t\t\t<\/dt><\/dl><br style=\"clear: both\" \/><dl class='gallery-item'>\n\t\t\t<dt class='gallery-icon landscape'>\n\t\t\t\t<a href='https:\/\/www.efco.lu\/wp-content\/uploads\/2015\/07\/photo-300904-014.jpg'><img width=\"150\" height=\"150\" src=\"https:\/\/www.efco.lu\/wp-content\/uploads\/2015\/07\/photo-300904-014-150x150.jpg\" class=\"attachment-thumbnail size-thumbnail\" alt=\"\" decoding=\"async\" loading=\"lazy\" srcset=\"https:\/\/www.efco.lu\/wp-content\/uploads\/2015\/07\/photo-300904-014-150x150.jpg 150w, https:\/\/www.efco.lu\/wp-content\/uploads\/2015\/07\/photo-300904-014-60x60.jpg 60w, https:\/\/www.efco.lu\/wp-content\/uploads\/2015\/07\/photo-300904-014-50x50.jpg 50w, https:\/\/www.efco.lu\/wp-content\/uploads\/2015\/07\/photo-300904-014-100x100.jpg 100w\" sizes=\"(max-width: 150px) 100vw, 150px\" \/><\/a>\n\t\t\t<\/dt><\/dl><dl class='gallery-item'>\n\t\t\t<dt class='gallery-icon landscape'>\n\t\t\t\t<a href='https:\/\/www.efco.lu\/wp-content\/uploads\/2015\/07\/photo-300904-070.jpg'><img width=\"150\" height=\"150\" src=\"https:\/\/www.efco.lu\/wp-content\/uploads\/2015\/07\/photo-300904-070-150x150.jpg\" class=\"attachment-thumbnail size-thumbnail\" alt=\"\" decoding=\"async\" loading=\"lazy\" srcset=\"https:\/\/www.efco.lu\/wp-content\/uploads\/2015\/07\/photo-300904-070-150x150.jpg 150w, https:\/\/www.efco.lu\/wp-content\/uploads\/2015\/07\/photo-300904-070-60x60.jpg 60w, https:\/\/www.efco.lu\/wp-content\/uploads\/2015\/07\/photo-300904-070-50x50.jpg 50w, https:\/\/www.efco.lu\/wp-content\/uploads\/2015\/07\/photo-300904-070-100x100.jpg 100w\" sizes=\"(max-width: 150px) 100vw, 150px\" \/><\/a>\n\t\t\t<\/dt><\/dl><dl class='gallery-item'>\n\t\t\t<dt class='gallery-icon landscape'>\n\t\t\t\t<a href='https:\/\/www.efco.lu\/wp-content\/uploads\/2015\/07\/Photo-Plaquettes-004.jpg'><img width=\"150\" height=\"150\" src=\"https:\/\/www.efco.lu\/wp-content\/uploads\/2015\/07\/Photo-Plaquettes-004-150x150.jpg\" class=\"attachment-thumbnail size-thumbnail\" alt=\"\" decoding=\"async\" loading=\"lazy\" srcset=\"https:\/\/www.efco.lu\/wp-content\/uploads\/2015\/07\/Photo-Plaquettes-004-150x150.jpg 150w, https:\/\/www.efco.lu\/wp-content\/uploads\/2015\/07\/Photo-Plaquettes-004-60x60.jpg 60w, https:\/\/www.efco.lu\/wp-content\/uploads\/2015\/07\/Photo-Plaquettes-004-50x50.jpg 50w, https:\/\/www.efco.lu\/wp-content\/uploads\/2015\/07\/Photo-Plaquettes-004-100x100.jpg 100w\" sizes=\"(max-width: 150px) 100vw, 150px\" \/><\/a>\n\t\t\t<\/dt><\/dl><br style=\"clear: both\" \/>\n\t\t<\/div>\n\n","protected":false},"excerpt":{"rendered":"<p>&nbsp; Le v\u00e9rinage permet la d\u00e9molition de massifs en b\u00e9ton, de voiles ou dalles de grande \u00e9paisseur. Les v\u00e9rins hydrauliques d&rsquo;une force de 1200 tonnes permettent de casser ou d\u00e9placer ces gros massifs. Cette technique dispose de plusieurs avantages : Contr\u00f4le de la d\u00e9molition Peu ou pas de\u00a0vibrations Technique silencieuse &nbsp;<\/p>\n","protected":false},"author":2,"featured_media":0,"parent":74,"menu_order":0,"comment_status":"closed","ping_status":"closed","template":"","meta":[],"_links":{"self":[{"href":"https:\/\/www.efco.lu\/index.php?rest_route=\/wp\/v2\/pages\/279"}],"collection":[{"href":"https:\/\/www.efco.lu\/index.php?rest_route=\/wp\/v2\/pages"}],"about":[{"href":"https:\/\/www.efco.lu\/index.php?rest_route=\/wp\/v2\/types\/page"}],"author":[{"embeddable":true,"href":"https:\/\/www.efco.lu\/index.php?rest_route=\/wp\/v2\/users\/2"}],"replies":[{"embeddable":true,"href":"https:\/\/www.efco.lu\/index.php?rest_route=%2Fwp%2Fv2%2Fcomments&post=279"}],"version-history":[{"count":6,"href":"https:\/\/www.efco.lu\/index.php?rest_route=\/wp\/v2\/pages\/279\/revisions"}],"predecessor-version":[{"id":310,"href":"https:\/\/www.efco.lu\/index.php?rest_route=\/wp\/v2\/pages\/279\/revisions\/310"}],"up":[{"embeddable":true,"href":"https:\/\/www.efco.lu\/index.php?rest_route=\/wp\/v2\/pages\/74"}],"wp:attachment":[{"href":"https:\/\/www.efco.lu\/index.php?rest_route=%2Fwp%2Fv2%2Fmedia&parent=279"}],"curies":[{"name":"wp","href":"https:\/\/api.w.org\/{rel}","templated":true}]}}