{"id":68,"date":"2015-02-26T15:20:58","date_gmt":"2015-02-26T14:20:58","guid":{"rendered":"http:\/\/www.efco.lu\/?page_id=68"},"modified":"2015-07-27T15:02:04","modified_gmt":"2015-07-27T14:02:04","slug":"notre-histoire","status":"publish","type":"page","link":"https:\/\/www.efco.lu\/?page_id=68&lang=fr","title":{"rendered":"Notre histoire"},"content":{"rendered":"<style type=\"text\/css\"><!--\nP { margin-bottom: 0.21cm; }\n--><\/style>\n<p style=\"text-align: left;\" align=\"JUSTIFY\">Efco-Forodia trouve ses origines au d\u00e9but du si\u00e8cle, avec l\u2019entreprise de forage de puits \u00ab\u00a0Reisdorffer\u00a0\u00bb. D\u00e8s 1960, l\u2019entreprise EFCO est cr\u00e9\u00e9e, sp\u00e9cialis\u00e9e dans le forage, et bas\u00e9e \u00e0 Elvange. En 1985, l\u2019entreprise en difficult\u00e9 c\u00e8de son activit\u00e9 \u00e0 Intrafor-cofor qui lance Efco-Benelux, soutenue par le groupe Bouygues.<\/p>\n<p align=\"JUSTIFY\"><a href=\"https:\/\/www.efco.lu\/wp-content\/uploads\/2015\/02\/Logo-EFCO-ancien..jpg\"><img decoding=\"async\" loading=\"lazy\" class=\"size-medium wp-image-145 aligncenter\" alt=\"Logo EFCO ancien.\" src=\"https:\/\/www.efco.lu\/wp-content\/uploads\/2015\/02\/Logo-EFCO-ancien.-300x225.jpg\" width=\"300\" height=\"225\" srcset=\"https:\/\/www.efco.lu\/wp-content\/uploads\/2015\/02\/Logo-EFCO-ancien.-300x225.jpg 300w, https:\/\/www.efco.lu\/wp-content\/uploads\/2015\/02\/Logo-EFCO-ancien.-1024x768.jpg 1024w, https:\/\/www.efco.lu\/wp-content\/uploads\/2015\/02\/Logo-EFCO-ancien..jpg 2048w\" sizes=\"(max-width: 300px) 100vw, 300px\" \/><\/a><\/p>\n<p align=\"JUSTIFY\">En 1991 l\u2019entreprise Forodia est int\u00e9gr\u00e9e \u00e0 Efco-Benelux et ensemble, elles forment Efco-Forodia SA.<br \/>\nC\u2019est en 1991 que Baatz rattache Efco-Forodia SA \u00e0 son groupe et poursuit son d\u00e9veloppement. En 2009, la SA est remplac\u00e9e par la soci\u00e9t\u00e9 Efco-Forodia Exploitation. Apres plusieurs ann\u00e9es \u00e0 Differdange, le si\u00e8ge social de l&rsquo;entreprise a \u00e9t\u00e9 transf\u00e9r\u00e9 \u00e0 Senningerberg.<\/p>\n<p align=\"JUSTIFY\"><a href=\"https:\/\/www.efco.lu\/wp-content\/uploads\/2013\/12\/Efco-Forodia-Exploitation-jpeg.jpg\"><img decoding=\"async\" loading=\"lazy\" class=\"size-medium wp-image-46 aligncenter\" alt=\"Efco-Forodia Exploitation (jpeg)\" src=\"https:\/\/www.efco.lu\/wp-content\/uploads\/2013\/12\/Efco-Forodia-Exploitation-jpeg-300x49.jpg\" width=\"300\" height=\"49\" \/><\/a><\/p>\n<p align=\"JUSTIFY\">Au fil du temps, l&rsquo;entreprise est devenue une r\u00e9f\u00e9rence dans\u00a0ses domaines d&rsquo;activit\u00e9s, ayant particip\u00e9 \u00e0 de nombreux chantiers au Luxembourg et dans la Grande R\u00e9gion. Sa proximit\u00e9 avec l&rsquo;entreprise Baatz Constructions lui permet de mettre sans cesse son expertise \u00e0 contribution pour r\u00e9pondre \u00e0 des demandes de plus en plus complexes.<\/p>\n","protected":false},"excerpt":{"rendered":"<p>Efco-Forodia trouve ses origines au d\u00e9but du si\u00e8cle, avec l\u2019entreprise de forage de puits \u00ab\u00a0Reisdorffer\u00a0\u00bb. D\u00e8s 1960, l\u2019entreprise EFCO est cr\u00e9\u00e9e, sp\u00e9cialis\u00e9e dans le forage, et bas\u00e9e \u00e0 Elvange. En 1985, l\u2019entreprise en difficult\u00e9 c\u00e8de son activit\u00e9 \u00e0 Intrafor-cofor qui lance Efco-Benelux, soutenue par le groupe Bouygues. En 1991 l\u2019entreprise Forodia est int\u00e9gr\u00e9e \u00e0 Efco-Benelux [&hellip;]<\/p>\n","protected":false},"author":1,"featured_media":0,"parent":0,"menu_order":0,"comment_status":"closed","ping_status":"closed","template":"","meta":[],"_links":{"self":[{"href":"https:\/\/www.efco.lu\/index.php?rest_route=\/wp\/v2\/pages\/68"}],"collection":[{"href":"https:\/\/www.efco.lu\/index.php?rest_route=\/wp\/v2\/pages"}],"about":[{"href":"https:\/\/www.efco.lu\/index.php?rest_route=\/wp\/v2\/types\/page"}],"author":[{"embeddable":true,"href":"https:\/\/www.efco.lu\/index.php?rest_route=\/wp\/v2\/users\/1"}],"replies":[{"embeddable":true,"href":"https:\/\/www.efco.lu\/index.php?rest_route=%2Fwp%2Fv2%2Fcomments&post=68"}],"version-history":[{"count":8,"href":"https:\/\/www.efco.lu\/index.php?rest_route=\/wp\/v2\/pages\/68\/revisions"}],"predecessor-version":[{"id":300,"href":"https:\/\/www.efco.lu\/index.php?rest_route=\/wp\/v2\/pages\/68\/revisions\/300"}],"wp:attachment":[{"href":"https:\/\/www.efco.lu\/index.php?rest_route=%2Fwp%2Fv2%2Fmedia&parent=68"}],"curies":[{"name":"wp","href":"https:\/\/api.w.org\/{rel}","templated":true}]}}