{"id":74,"date":"2015-02-26T15:27:30","date_gmt":"2015-02-26T14:27:30","guid":{"rendered":"http:\/\/www.efco.lu\/?page_id=74"},"modified":"2016-04-21T16:23:42","modified_gmt":"2016-04-21T15:23:42","slug":"activites","status":"publish","type":"page","link":"https:\/\/www.efco.lu\/?page_id=74&lang=fr","title":{"rendered":"Activit\u00e9s"},"content":{"rendered":"<p>Nous pouvons justifier d&rsquo;une exp\u00e9rience importante sur le march\u00e9 luxembourgeois, assurant une qualit\u00e9 de service reconnue\u00a0\u00e0\u00a0travers le Grand Duch\u00e9. Vous pourrez ainsi faire appel \u00e0 nos services pour les activit\u00e9s suivantes :<\/p>\n<table border=\"1\" cellspacing=\"0\" cellpadding=\"0\">\n<tbody>\n<tr>\n<td valign=\"top\" width=\"205\">\n<h4><a title=\"Fondations sp\u00e9ciales\" href=\"https:\/\/www.efco.lu\/?page_id=96\">Fondations sp\u00e9ciales<\/a><\/h4>\n<\/td>\n<td valign=\"top\" width=\"205\">\n<h4><a title=\"Fon\u00e7age, Micro-tunneling\" href=\"https:\/\/www.efco.lu\/?page_id=94\">Fon\u00e7age, Micro-tunneling<\/a><\/h4>\n<\/td>\n<td valign=\"top\" width=\"205\">\n<h4><a title=\"Blindage de fouilles\" href=\"https:\/\/www.efco.lu\/?page_id=92\">Blindage de fouilles<\/a><\/h4>\n<\/td>\n<\/tr>\n<tr>\n<td valign=\"top\" width=\"205\">\n<h4><a title=\"Gunitage\" href=\"https:\/\/www.efco.lu\/?page_id=90\">Gunitage<\/a><\/h4>\n<\/td>\n<td valign=\"top\" width=\"205\">\n<h4><a title=\"Tirants d\u2019ancrage, boulons\" href=\"https:\/\/www.efco.lu\/?page_id=88\">Tirants d\u2019ancrage, boulons<\/a><\/h4>\n<\/td>\n<td valign=\"top\" width=\"205\">\n<h4><a title=\"Forages de reconnaissance\" href=\"https:\/\/www.efco.lu\/?page_id=86\">Forages de reconnaissance<\/a><\/h4>\n<\/td>\n<\/tr>\n<tr>\n<td valign=\"top\" width=\"205\">\n<h4><a title=\"Pon\u00e7age\" href=\"https:\/\/www.efco.lu\/?page_id=82\">Pon\u00e7age<\/a><\/h4>\n<\/td>\n<td valign=\"top\" width=\"205\">\n<h4><a title=\"Rabotage \" href=\"https:\/\/www.efco.lu\/?page_id=80\">Rabotage <\/a><\/h4>\n<\/td>\n<td valign=\"top\" width=\"205\">\n<h4><a title=\"Carottage\" href=\"https:\/\/www.efco.lu\/?page_id=78\">Carottage<\/a><\/h4>\n<\/tr>\n<tr>\n<td valign=\"top\" width=\"205\">\n<h4><a title=\"Renforcement de b\u00e9ton par lamelle carbone\" href=\"https:\/\/www.efco.lu\/?page_id=84\">Renforcement de b\u00e9ton par lamelle carbone<\/a><\/h4>\n<\/td>\n<td valign=\"top\" width=\"205\">\n<h4><a title=\"Sciage\" href=\"https:\/\/www.efco.lu\/?page_id=76\">Sciage<\/a><\/h4>\n<\/td>\n<td valign=\"top\" width=\"205\">\n<h4><a title=\"V\u00e9rinage\" href=\"https:\/\/www.efco.lu\/?page_id=279\">V\u00e9rinage<\/a><\/h4>\n<\/tr>\n<td valign=\"top\" width=\"205\"><\/td>\n<\/td>\n<\/tr>\n<\/tbody>\n<\/table>\n<p>&nbsp;<\/p>\n","protected":false},"excerpt":{"rendered":"<p>Nous pouvons justifier d&rsquo;une exp\u00e9rience importante sur le march\u00e9 luxembourgeois, assurant une qualit\u00e9 de service reconnue\u00a0\u00e0\u00a0travers le Grand Duch\u00e9. Vous pourrez ainsi faire appel \u00e0 nos services pour les activit\u00e9s suivantes : Fondations sp\u00e9ciales Fon\u00e7age, Micro-tunneling Blindage de fouilles Gunitage Tirants d\u2019ancrage, boulons Forages de reconnaissance Pon\u00e7age Rabotage Carottage Renforcement de b\u00e9ton par lamelle carbone [&hellip;]<\/p>\n","protected":false},"author":1,"featured_media":0,"parent":0,"menu_order":0,"comment_status":"closed","ping_status":"closed","template":"","meta":[],"_links":{"self":[{"href":"https:\/\/www.efco.lu\/index.php?rest_route=\/wp\/v2\/pages\/74"}],"collection":[{"href":"https:\/\/www.efco.lu\/index.php?rest_route=\/wp\/v2\/pages"}],"about":[{"href":"https:\/\/www.efco.lu\/index.php?rest_route=\/wp\/v2\/types\/page"}],"author":[{"embeddable":true,"href":"https:\/\/www.efco.lu\/index.php?rest_route=\/wp\/v2\/users\/1"}],"replies":[{"embeddable":true,"href":"https:\/\/www.efco.lu\/index.php?rest_route=%2Fwp%2Fv2%2Fcomments&post=74"}],"version-history":[{"count":15,"href":"https:\/\/www.efco.lu\/index.php?rest_route=\/wp\/v2\/pages\/74\/revisions"}],"predecessor-version":[{"id":391,"href":"https:\/\/www.efco.lu\/index.php?rest_route=\/wp\/v2\/pages\/74\/revisions\/391"}],"wp:attachment":[{"href":"https:\/\/www.efco.lu\/index.php?rest_route=%2Fwp%2Fv2%2Fmedia&parent=74"}],"curies":[{"name":"wp","href":"https:\/\/api.w.org\/{rel}","templated":true}]}}