{"id":76,"date":"2015-02-26T15:28:08","date_gmt":"2015-02-26T14:28:08","guid":{"rendered":"http:\/\/www.efco.lu\/?page_id=76"},"modified":"2015-05-18T16:06:54","modified_gmt":"2015-05-18T15:06:54","slug":"sciage","status":"publish","type":"page","link":"https:\/\/www.efco.lu\/?page_id=76&lang=fr","title":{"rendered":"Sciage"},"content":{"rendered":"<style type=\"text\/css\"><!--\nP { margin-bottom: 0.21cm; }\n--><\/style>\n<p>Pour des travaux d\u2019ouverture ou d\u2019agrandissement de portes, de fen\u00eatres, ainsi que les travaux de d\u00e9molitions, le sciage est la solution la plus utilis\u00e9e et l\u2019une des plus efficace.<\/p>\n<p>Nous exer\u00e7ons\u00a04 types de sciages\u00a0:<\/p>\n<p>&nbsp;<\/p>\n<ul>\n<li><i>Sciage mural au disque diamant\u00e9<\/i><\/li>\n<\/ul>\n\n\t\t<style type=\"text\/css\">\n\t\t\t#gallery-1 {\n\t\t\t\tmargin: auto;\n\t\t\t}\n\t\t\t#gallery-1 .gallery-item {\n\t\t\t\tfloat: left;\n\t\t\t\tmargin-top: 10px;\n\t\t\t\ttext-align: center;\n\t\t\t\twidth: 33%;\n\t\t\t}\n\t\t\t#gallery-1 img {\n\t\t\t\tborder: 2px solid #cfcfcf;\n\t\t\t}\n\t\t\t#gallery-1 .gallery-caption {\n\t\t\t\tmargin-left: 0;\n\t\t\t}\n\t\t\t\/* see gallery_shortcode() in wp-includes\/media.php *\/\n\t\t<\/style>\n\t\t<div id='gallery-1' class='gallery galleryid-76 gallery-columns-3 gallery-size-thumbnail'><dl class='gallery-item'>\n\t\t\t<dt class='gallery-icon portrait'>\n\t\t\t\t<a href='https:\/\/www.efco.lu\/?attachment_id=233'><img width=\"150\" height=\"150\" src=\"https:\/\/www.efco.lu\/wp-content\/uploads\/2015\/02\/IMG_0086-150x150.jpg\" class=\"attachment-thumbnail size-thumbnail\" alt=\"\" decoding=\"async\" loading=\"lazy\" srcset=\"https:\/\/www.efco.lu\/wp-content\/uploads\/2015\/02\/IMG_0086-150x150.jpg 150w, https:\/\/www.efco.lu\/wp-content\/uploads\/2015\/02\/IMG_0086-60x60.jpg 60w, https:\/\/www.efco.lu\/wp-content\/uploads\/2015\/02\/IMG_0086-50x50.jpg 50w, https:\/\/www.efco.lu\/wp-content\/uploads\/2015\/02\/IMG_0086-100x100.jpg 100w\" sizes=\"(max-width: 150px) 100vw, 150px\" \/><\/a>\n\t\t\t<\/dt><\/dl><dl class='gallery-item'>\n\t\t\t<dt class='gallery-icon portrait'>\n\t\t\t\t<a href='https:\/\/www.efco.lu\/?attachment_id=234'><img width=\"150\" height=\"150\" src=\"https:\/\/www.efco.lu\/wp-content\/uploads\/2015\/02\/Sciage-150x150.jpg\" class=\"attachment-thumbnail size-thumbnail\" alt=\"\" decoding=\"async\" loading=\"lazy\" srcset=\"https:\/\/www.efco.lu\/wp-content\/uploads\/2015\/02\/Sciage-150x150.jpg 150w, https:\/\/www.efco.lu\/wp-content\/uploads\/2015\/02\/Sciage-60x60.jpg 60w, https:\/\/www.efco.lu\/wp-content\/uploads\/2015\/02\/Sciage-50x50.jpg 50w, https:\/\/www.efco.lu\/wp-content\/uploads\/2015\/02\/Sciage-100x100.jpg 100w\" sizes=\"(max-width: 150px) 100vw, 150px\" \/><\/a>\n\t\t\t<\/dt><\/dl><dl class='gallery-item'>\n\t\t\t<dt class='gallery-icon portrait'>\n\t\t\t\t<a href='https:\/\/www.efco.lu\/?attachment_id=232'><img width=\"150\" height=\"150\" src=\"https:\/\/www.efco.lu\/wp-content\/uploads\/2015\/02\/dsc038651-150x150.jpg\" class=\"attachment-thumbnail size-thumbnail\" alt=\"\" decoding=\"async\" loading=\"lazy\" srcset=\"https:\/\/www.efco.lu\/wp-content\/uploads\/2015\/02\/dsc038651-150x150.jpg 150w, https:\/\/www.efco.lu\/wp-content\/uploads\/2015\/02\/dsc038651-60x60.jpg 60w, https:\/\/www.efco.lu\/wp-content\/uploads\/2015\/02\/dsc038651-50x50.jpg 50w, https:\/\/www.efco.lu\/wp-content\/uploads\/2015\/02\/dsc038651-100x100.jpg 100w\" sizes=\"(max-width: 150px) 100vw, 150px\" \/><\/a>\n\t\t\t<\/dt><\/dl><br style=\"clear: both\" \/>\n\t\t<\/div>\n\n<p>&nbsp;<\/p>\n<ul>\n<li><i>Sciage de sol au disque diamant\u00e9 <\/i><\/li>\n<\/ul>\n\n\t\t<style type=\"text\/css\">\n\t\t\t#gallery-2 {\n\t\t\t\tmargin: auto;\n\t\t\t}\n\t\t\t#gallery-2 .gallery-item {\n\t\t\t\tfloat: left;\n\t\t\t\tmargin-top: 10px;\n\t\t\t\ttext-align: center;\n\t\t\t\twidth: 50%;\n\t\t\t}\n\t\t\t#gallery-2 img {\n\t\t\t\tborder: 2px solid #cfcfcf;\n\t\t\t}\n\t\t\t#gallery-2 .gallery-caption {\n\t\t\t\tmargin-left: 0;\n\t\t\t}\n\t\t\t\/* see gallery_shortcode() in wp-includes\/media.php *\/\n\t\t<\/style>\n\t\t<div id='gallery-2' class='gallery galleryid-76 gallery-columns-2 gallery-size-thumbnail'><dl class='gallery-item'>\n\t\t\t<dt class='gallery-icon landscape'>\n\t\t\t\t<a href='https:\/\/www.efco.lu\/?attachment_id=53'><img width=\"150\" height=\"150\" src=\"https:\/\/www.efco.lu\/wp-content\/uploads\/2015\/01\/Carottage-1-150x150.jpg\" class=\"attachment-thumbnail size-thumbnail\" alt=\"\" decoding=\"async\" loading=\"lazy\" aria-describedby=\"gallery-2-53\" srcset=\"https:\/\/www.efco.lu\/wp-content\/uploads\/2015\/01\/Carottage-1-150x150.jpg 150w, https:\/\/www.efco.lu\/wp-content\/uploads\/2015\/01\/Carottage-1-60x60.jpg 60w, https:\/\/www.efco.lu\/wp-content\/uploads\/2015\/01\/Carottage-1-50x50.jpg 50w, https:\/\/www.efco.lu\/wp-content\/uploads\/2015\/01\/Carottage-1-100x100.jpg 100w\" sizes=\"(max-width: 150px) 100vw, 150px\" \/><\/a>\n\t\t\t<\/dt>\n\t\t\t\t<dd class='wp-caption-text gallery-caption' id='gallery-2-53'>\n\t\t\t\tSciage au sol et carottage\n\t\t\t\t<\/dd><\/dl>\n\t\t\t<br style='clear: both' \/>\n\t\t<\/div>\n\n<p>&nbsp;<\/p>\n<ul>\n<li><i>Sciage au c\u00e2ble <\/i>pour les travaux de d\u00e9molition ou pour de grosses \u00e9paisseurs<i> <\/i><\/li>\n<\/ul>\n\n\t\t<style type=\"text\/css\">\n\t\t\t#gallery-3 {\n\t\t\t\tmargin: auto;\n\t\t\t}\n\t\t\t#gallery-3 .gallery-item {\n\t\t\t\tfloat: left;\n\t\t\t\tmargin-top: 10px;\n\t\t\t\ttext-align: center;\n\t\t\t\twidth: 33%;\n\t\t\t}\n\t\t\t#gallery-3 img {\n\t\t\t\tborder: 2px solid #cfcfcf;\n\t\t\t}\n\t\t\t#gallery-3 .gallery-caption {\n\t\t\t\tmargin-left: 0;\n\t\t\t}\n\t\t\t\/* see gallery_shortcode() in wp-includes\/media.php *\/\n\t\t<\/style>\n\t\t<div id='gallery-3' class='gallery galleryid-76 gallery-columns-3 gallery-size-thumbnail'><dl class='gallery-item'>\n\t\t\t<dt class='gallery-icon landscape'>\n\t\t\t\t<a href='https:\/\/www.efco.lu\/?attachment_id=237'><img width=\"150\" height=\"150\" src=\"https:\/\/www.efco.lu\/wp-content\/uploads\/2015\/02\/Sciage-cable3.png-150x150.jpg\" class=\"attachment-thumbnail size-thumbnail\" alt=\"\" decoding=\"async\" loading=\"lazy\" srcset=\"https:\/\/www.efco.lu\/wp-content\/uploads\/2015\/02\/Sciage-cable3.png-150x150.jpg 150w, https:\/\/www.efco.lu\/wp-content\/uploads\/2015\/02\/Sciage-cable3.png-60x60.jpg 60w, https:\/\/www.efco.lu\/wp-content\/uploads\/2015\/02\/Sciage-cable3.png-50x50.jpg 50w, https:\/\/www.efco.lu\/wp-content\/uploads\/2015\/02\/Sciage-cable3.png-100x100.jpg 100w\" sizes=\"(max-width: 150px) 100vw, 150px\" \/><\/a>\n\t\t\t<\/dt><\/dl><dl class='gallery-item'>\n\t\t\t<dt class='gallery-icon landscape'>\n\t\t\t\t<a href='https:\/\/www.efco.lu\/?attachment_id=236'><img width=\"150\" height=\"150\" src=\"https:\/\/www.efco.lu\/wp-content\/uploads\/2015\/02\/sciage-cable1-150x150.jpg\" class=\"attachment-thumbnail size-thumbnail\" alt=\"\" decoding=\"async\" loading=\"lazy\" srcset=\"https:\/\/www.efco.lu\/wp-content\/uploads\/2015\/02\/sciage-cable1-150x150.jpg 150w, https:\/\/www.efco.lu\/wp-content\/uploads\/2015\/02\/sciage-cable1-60x60.jpg 60w, https:\/\/www.efco.lu\/wp-content\/uploads\/2015\/02\/sciage-cable1-50x50.jpg 50w, https:\/\/www.efco.lu\/wp-content\/uploads\/2015\/02\/sciage-cable1-100x100.jpg 100w\" sizes=\"(max-width: 150px) 100vw, 150px\" \/><\/a>\n\t\t\t<\/dt><\/dl><dl class='gallery-item'>\n\t\t\t<dt class='gallery-icon landscape'>\n\t\t\t\t<a href='https:\/\/www.efco.lu\/?attachment_id=235'><img width=\"150\" height=\"150\" src=\"https:\/\/www.efco.lu\/wp-content\/uploads\/2015\/02\/sciage-cable-21-150x150.jpg\" class=\"attachment-thumbnail size-thumbnail\" alt=\"\" decoding=\"async\" loading=\"lazy\" srcset=\"https:\/\/www.efco.lu\/wp-content\/uploads\/2015\/02\/sciage-cable-21-150x150.jpg 150w, https:\/\/www.efco.lu\/wp-content\/uploads\/2015\/02\/sciage-cable-21-60x60.jpg 60w, https:\/\/www.efco.lu\/wp-content\/uploads\/2015\/02\/sciage-cable-21-50x50.jpg 50w, https:\/\/www.efco.lu\/wp-content\/uploads\/2015\/02\/sciage-cable-21-100x100.jpg 100w\" sizes=\"(max-width: 150px) 100vw, 150px\" \/><\/a>\n\t\t\t<\/dt><\/dl><br style=\"clear: both\" \/>\n\t\t<\/div>\n\n<p>&nbsp;<\/p>\n<ul>\n<li><i>Sciage au c\u00e2ble circulaire <\/i>pour les ouvertures arrondies de grande taille<\/li>\n<\/ul>\n\n\t\t<style type=\"text\/css\">\n\t\t\t#gallery-4 {\n\t\t\t\tmargin: auto;\n\t\t\t}\n\t\t\t#gallery-4 .gallery-item {\n\t\t\t\tfloat: left;\n\t\t\t\tmargin-top: 10px;\n\t\t\t\ttext-align: center;\n\t\t\t\twidth: 50%;\n\t\t\t}\n\t\t\t#gallery-4 img {\n\t\t\t\tborder: 2px solid #cfcfcf;\n\t\t\t}\n\t\t\t#gallery-4 .gallery-caption {\n\t\t\t\tmargin-left: 0;\n\t\t\t}\n\t\t\t\/* see gallery_shortcode() in wp-includes\/media.php *\/\n\t\t<\/style>\n\t\t<div id='gallery-4' class='gallery galleryid-76 gallery-columns-2 gallery-size-thumbnail'><dl class='gallery-item'>\n\t\t\t<dt class='gallery-icon landscape'>\n\t\t\t\t<a href='https:\/\/www.efco.lu\/?attachment_id=65'><img width=\"150\" height=\"150\" src=\"https:\/\/www.efco.lu\/wp-content\/uploads\/2015\/01\/Sciage-cable-150x150.png\" class=\"attachment-thumbnail size-thumbnail\" alt=\"\" decoding=\"async\" loading=\"lazy\" srcset=\"https:\/\/www.efco.lu\/wp-content\/uploads\/2015\/01\/Sciage-cable-150x150.png 150w, https:\/\/www.efco.lu\/wp-content\/uploads\/2015\/01\/Sciage-cable-60x60.png 60w, https:\/\/www.efco.lu\/wp-content\/uploads\/2015\/01\/Sciage-cable-50x50.png 50w, https:\/\/www.efco.lu\/wp-content\/uploads\/2015\/01\/Sciage-cable-100x100.png 100w\" sizes=\"(max-width: 150px) 100vw, 150px\" \/><\/a>\n\t\t\t<\/dt><\/dl>\n\t\t\t<br style='clear: both' \/>\n\t\t<\/div>\n\n","protected":false},"excerpt":{"rendered":"<p>Pour des travaux d\u2019ouverture ou d\u2019agrandissement de portes, de fen\u00eatres, ainsi que les travaux de d\u00e9molitions, le sciage est la solution la plus utilis\u00e9e et l\u2019une des plus efficace. Nous exer\u00e7ons\u00a04 types de sciages\u00a0: &nbsp; Sciage mural au disque diamant\u00e9 &nbsp; Sciage de sol au disque diamant\u00e9 &nbsp; Sciage au c\u00e2ble pour les travaux de [&hellip;]<\/p>\n","protected":false},"author":1,"featured_media":0,"parent":74,"menu_order":0,"comment_status":"closed","ping_status":"closed","template":"","meta":[],"_links":{"self":[{"href":"https:\/\/www.efco.lu\/index.php?rest_route=\/wp\/v2\/pages\/76"}],"collection":[{"href":"https:\/\/www.efco.lu\/index.php?rest_route=\/wp\/v2\/pages"}],"about":[{"href":"https:\/\/www.efco.lu\/index.php?rest_route=\/wp\/v2\/types\/page"}],"author":[{"embeddable":true,"href":"https:\/\/www.efco.lu\/index.php?rest_route=\/wp\/v2\/users\/1"}],"replies":[{"embeddable":true,"href":"https:\/\/www.efco.lu\/index.php?rest_route=%2Fwp%2Fv2%2Fcomments&post=76"}],"version-history":[{"count":8,"href":"https:\/\/www.efco.lu\/index.php?rest_route=\/wp\/v2\/pages\/76\/revisions"}],"predecessor-version":[{"id":240,"href":"https:\/\/www.efco.lu\/index.php?rest_route=\/wp\/v2\/pages\/76\/revisions\/240"}],"up":[{"embeddable":true,"href":"https:\/\/www.efco.lu\/index.php?rest_route=\/wp\/v2\/pages\/74"}],"wp:attachment":[{"href":"https:\/\/www.efco.lu\/index.php?rest_route=%2Fwp%2Fv2%2Fmedia&parent=76"}],"curies":[{"name":"wp","href":"https:\/\/api.w.org\/{rel}","templated":true}]}}