{"id":78,"date":"2015-02-26T15:28:48","date_gmt":"2015-02-26T14:28:48","guid":{"rendered":"http:\/\/www.efco.lu\/?page_id=78"},"modified":"2015-07-15T13:01:36","modified_gmt":"2015-07-15T12:01:36","slug":"carrotage","status":"publish","type":"page","link":"https:\/\/www.efco.lu\/?page_id=78&lang=fr","title":{"rendered":"Carottage"},"content":{"rendered":"<style type=\"text\/css\"><!--\nP { margin-bottom: 0.21cm; }\n--><\/style>\n<p>Le carottage permet l\u2019ouverture de passages \u00e0 travers des murs, afin de permettre le passage de conduites ou d\u2019une installation de ventilation.<\/p>\n<p>Nous r\u00e9alisons des carottages jusqu\u2019\u00e0 un diam\u00e8tre de 1000mm, dans tous types de mat\u00e9riaux (B\u00e9tons, briques, pierre, \u2026)<\/p>\n<p style=\"padding-left: 90px;\">\n\n\t\t<style type=\"text\/css\">\n\t\t\t#gallery-1 {\n\t\t\t\tmargin: auto;\n\t\t\t}\n\t\t\t#gallery-1 .gallery-item {\n\t\t\t\tfloat: left;\n\t\t\t\tmargin-top: 10px;\n\t\t\t\ttext-align: center;\n\t\t\t\twidth: 33%;\n\t\t\t}\n\t\t\t#gallery-1 img {\n\t\t\t\tborder: 2px solid #cfcfcf;\n\t\t\t}\n\t\t\t#gallery-1 .gallery-caption {\n\t\t\t\tmargin-left: 0;\n\t\t\t}\n\t\t\t\/* see gallery_shortcode() in wp-includes\/media.php *\/\n\t\t<\/style>\n\t\t<div id='gallery-1' class='gallery galleryid-78 gallery-columns-3 gallery-size-thumbnail'><dl class='gallery-item'>\n\t\t\t<dt class='gallery-icon landscape'>\n\t\t\t\t<a href='https:\/\/www.efco.lu\/?attachment_id=127'><img width=\"150\" height=\"150\" src=\"https:\/\/www.efco.lu\/wp-content\/uploads\/2015\/01\/Carottage-12-150x150.jpg\" class=\"attachment-thumbnail size-thumbnail\" alt=\"\" decoding=\"async\" loading=\"lazy\" srcset=\"https:\/\/www.efco.lu\/wp-content\/uploads\/2015\/01\/Carottage-12-150x150.jpg 150w, https:\/\/www.efco.lu\/wp-content\/uploads\/2015\/01\/Carottage-12-60x60.jpg 60w, https:\/\/www.efco.lu\/wp-content\/uploads\/2015\/01\/Carottage-12-50x50.jpg 50w, https:\/\/www.efco.lu\/wp-content\/uploads\/2015\/01\/Carottage-12-100x100.jpg 100w\" sizes=\"(max-width: 150px) 100vw, 150px\" \/><\/a>\n\t\t\t<\/dt><\/dl><dl class='gallery-item'>\n\t\t\t<dt class='gallery-icon landscape'>\n\t\t\t\t<a href='https:\/\/www.efco.lu\/?attachment_id=242'><img width=\"150\" height=\"150\" src=\"https:\/\/www.efco.lu\/wp-content\/uploads\/2015\/02\/DSC02256-150x150.jpg\" class=\"attachment-thumbnail size-thumbnail\" alt=\"\" decoding=\"async\" loading=\"lazy\" srcset=\"https:\/\/www.efco.lu\/wp-content\/uploads\/2015\/02\/DSC02256-150x150.jpg 150w, https:\/\/www.efco.lu\/wp-content\/uploads\/2015\/02\/DSC02256-60x60.jpg 60w, https:\/\/www.efco.lu\/wp-content\/uploads\/2015\/02\/DSC02256-50x50.jpg 50w, https:\/\/www.efco.lu\/wp-content\/uploads\/2015\/02\/DSC02256-100x100.jpg 100w\" sizes=\"(max-width: 150px) 100vw, 150px\" \/><\/a>\n\t\t\t<\/dt><\/dl><dl class='gallery-item'>\n\t\t\t<dt class='gallery-icon landscape'>\n\t\t\t\t<a href='https:\/\/www.efco.lu\/?attachment_id=241'><img width=\"150\" height=\"150\" src=\"https:\/\/www.efco.lu\/wp-content\/uploads\/2015\/02\/Carottage-2-150x150.jpg\" class=\"attachment-thumbnail size-thumbnail\" alt=\"\" decoding=\"async\" loading=\"lazy\" srcset=\"https:\/\/www.efco.lu\/wp-content\/uploads\/2015\/02\/Carottage-2-150x150.jpg 150w, https:\/\/www.efco.lu\/wp-content\/uploads\/2015\/02\/Carottage-2-60x60.jpg 60w, https:\/\/www.efco.lu\/wp-content\/uploads\/2015\/02\/Carottage-2-50x50.jpg 50w, https:\/\/www.efco.lu\/wp-content\/uploads\/2015\/02\/Carottage-2-100x100.jpg 100w\" sizes=\"(max-width: 150px) 100vw, 150px\" \/><\/a>\n\t\t\t<\/dt><\/dl><br style=\"clear: both\" \/>\n\t\t<\/div>\n\n","protected":false},"excerpt":{"rendered":"<p>Le carottage permet l\u2019ouverture de passages \u00e0 travers des murs, afin de permettre le passage de conduites ou d\u2019une installation de ventilation. Nous r\u00e9alisons des carottages jusqu\u2019\u00e0 un diam\u00e8tre de 1000mm, dans tous types de mat\u00e9riaux (B\u00e9tons, briques, pierre, \u2026)<\/p>\n","protected":false},"author":1,"featured_media":0,"parent":74,"menu_order":0,"comment_status":"closed","ping_status":"closed","template":"","meta":[],"_links":{"self":[{"href":"https:\/\/www.efco.lu\/index.php?rest_route=\/wp\/v2\/pages\/78"}],"collection":[{"href":"https:\/\/www.efco.lu\/index.php?rest_route=\/wp\/v2\/pages"}],"about":[{"href":"https:\/\/www.efco.lu\/index.php?rest_route=\/wp\/v2\/types\/page"}],"author":[{"embeddable":true,"href":"https:\/\/www.efco.lu\/index.php?rest_route=\/wp\/v2\/users\/1"}],"replies":[{"embeddable":true,"href":"https:\/\/www.efco.lu\/index.php?rest_route=%2Fwp%2Fv2%2Fcomments&post=78"}],"version-history":[{"count":9,"href":"https:\/\/www.efco.lu\/index.php?rest_route=\/wp\/v2\/pages\/78\/revisions"}],"predecessor-version":[{"id":298,"href":"https:\/\/www.efco.lu\/index.php?rest_route=\/wp\/v2\/pages\/78\/revisions\/298"}],"up":[{"embeddable":true,"href":"https:\/\/www.efco.lu\/index.php?rest_route=\/wp\/v2\/pages\/74"}],"wp:attachment":[{"href":"https:\/\/www.efco.lu\/index.php?rest_route=%2Fwp%2Fv2%2Fmedia&parent=78"}],"curies":[{"name":"wp","href":"https:\/\/api.w.org\/{rel}","templated":true}]}}