{"id":8,"date":"2013-12-12T10:11:06","date_gmt":"2013-12-12T09:11:06","guid":{"rendered":"http:\/\/local.baatz.lu\/?page_id=8"},"modified":"2015-05-18T08:02:04","modified_gmt":"2015-05-18T07:02:04","slug":"accueil","status":"publish","type":"page","link":"https:\/\/www.efco.lu\/?lang=fr","title":{"rendered":"Accueil"},"content":{"rendered":"<style type=\"text\/css\"><!--\n<a><\/a><!--\nP { margin-bottom: 0.21cm; }\n--><\/style>\n<p><span style=\"color: #000000;\">Notre expertise acquise durant nos plus de 50 ans d\u2019exp\u00e9rience nous permet aujourd\u2019hui d\u2019intervenir sur tout type de missions, aussi bien pour des particuliers que pour les besoins de professionnels.<\/span><\/p>\n<p><span style=\"color: #000000;\">Nos \u00e9quipes sont \u00e0 m\u00eame de satisfaire vos demandes dans nos domaines d\u2019expertises, list\u00e9s ci-dessous\u00a0:<\/span><\/p>\n<table width=\"100%\" border=\"1\" cellspacing=\"0\" cellpadding=\"4\">\n<colgroup>\n<col width=\"78\" \/>\n<col width=\"111\" \/>\n<col width=\"66\" \/> <\/colgroup>\n<tbody>\n<tr valign=\"TOP\">\n<td width=\"31%\"><span style=\"color: #000000;\">&#8211; Fondations sp\u00e9ciales<\/span><\/td>\n<td width=\"43%\"><span style=\"color: #000000;\">&#8211; Gunitage<\/span><\/td>\n<td width=\"26%\"><span style=\"color: #000000;\">&#8211; Sciage<\/span><\/td>\n<\/tr>\n<tr valign=\"TOP\">\n<td width=\"31%\"><span style=\"color: #000000;\">&#8211; Tirants d\u2019ancrage, boulons<\/span><\/td>\n<td width=\"43%\"><span style=\"color: #000000;\">&#8211; Forages de reconnaissance<\/span><\/td>\n<td width=\"26%\"><span style=\"color: #000000;\">&#8211; Renforcement de b\u00e9ton <\/span><\/td>\n<\/tr>\n<tr valign=\"TOP\">\n<td width=\"31%\"><span style=\"color: #000000;\">&#8211; Blindage de fouilles<\/span><\/td>\n<td width=\"43%\"><span style=\"color: #000000;\">&#8211; Fon\u00e7age &amp; micro-tunneling<\/span><\/td>\n<td width=\"26%\"><span style=\"color: #000000;\">&#8211; Rabotage de b\u00e9ton<\/span><\/td>\n<\/tr>\n<tr valign=\"TOP\">\n<td width=\"31%\"><span style=\"color: #000000;\">\u00a0<\/span><\/td>\n<td width=\"43%\"><span style=\"color: #000000;\">&#8211; Carottage<\/span><\/td>\n<td width=\"26%\"><span style=\"color: #000000;\">&#8211; Pon\u00e7age de b\u00e9ton<\/span><\/td>\n<\/tr>\n<\/tbody>\n<\/table>\n<p><span style=\"color: #000000;\">\u00a0<\/span><\/p>\n<p><span style=\"color: #000000;\">La soci\u00e9t\u00e9 est divis\u00e9e en\u00a03 services : Le service travaux sp\u00e9ciaux, le service FRE\u00a0(forages de reconnaissance)\u00a0et le service Sciage-Carottage<\/span><\/p>\n<p><span style=\"color: #000000;\">Notre rattachement au groupe BAATZ nous permet de b\u00e9n\u00e9ficier de formations et de machines toujours plus performantes, et de r\u00e9pondre \u00e0 l\u2019ensemble de vos besoins, en prenant en comptes vos contraintes environnementales et mat\u00e9rielles.<\/span><\/p>\n","protected":false},"excerpt":{"rendered":"<p>Notre expertise acquise durant nos plus de 50 ans d\u2019exp\u00e9rience nous permet aujourd\u2019hui d\u2019intervenir sur tout type de missions, aussi bien pour des particuliers que pour les besoins de professionnels. Nos \u00e9quipes sont \u00e0 m\u00eame de satisfaire vos demandes dans nos domaines d\u2019expertises, list\u00e9s ci-dessous\u00a0: &#8211; Fondations sp\u00e9ciales &#8211; Gunitage &#8211; Sciage &#8211; Tirants d\u2019ancrage, [&hellip;]<\/p>\n","protected":false},"author":1,"featured_media":0,"parent":0,"menu_order":0,"comment_status":"closed","ping_status":"closed","template":"template_homepage.php","meta":[],"_links":{"self":[{"href":"https:\/\/www.efco.lu\/index.php?rest_route=\/wp\/v2\/pages\/8"}],"collection":[{"href":"https:\/\/www.efco.lu\/index.php?rest_route=\/wp\/v2\/pages"}],"about":[{"href":"https:\/\/www.efco.lu\/index.php?rest_route=\/wp\/v2\/types\/page"}],"author":[{"embeddable":true,"href":"https:\/\/www.efco.lu\/index.php?rest_route=\/wp\/v2\/users\/1"}],"replies":[{"embeddable":true,"href":"https:\/\/www.efco.lu\/index.php?rest_route=%2Fwp%2Fv2%2Fcomments&post=8"}],"version-history":[{"count":18,"href":"https:\/\/www.efco.lu\/index.php?rest_route=\/wp\/v2\/pages\/8\/revisions"}],"predecessor-version":[{"id":216,"href":"https:\/\/www.efco.lu\/index.php?rest_route=\/wp\/v2\/pages\/8\/revisions\/216"}],"wp:attachment":[{"href":"https:\/\/www.efco.lu\/index.php?rest_route=%2Fwp%2Fv2%2Fmedia&parent=8"}],"curies":[{"name":"wp","href":"https:\/\/api.w.org\/{rel}","templated":true}]}}