{"id":80,"date":"2015-02-26T15:29:11","date_gmt":"2015-02-26T14:29:11","guid":{"rendered":"http:\/\/www.efco.lu\/?page_id=80"},"modified":"2016-03-22T13:26:55","modified_gmt":"2016-03-22T12:26:55","slug":"rabotage-de-beton","status":"publish","type":"page","link":"https:\/\/www.efco.lu\/?page_id=80&lang=fr","title":{"rendered":"Rabotage de b\u00e9ton"},"content":{"rendered":"<style type=\"text\/css\"><!--\nP { margin-bottom: 0.21cm; }\n--><\/style>\n<p>Le rabotage est une m\u00e9thode g\u00e9n\u00e9ralement utilis\u00e9e pour rectifier une sur\u00e9paisseur de dalle et de faire disparaitre les diff\u00e9rences de niveau sur les dalles de b\u00e9ton, am\u00e9liorant ainsi les finitions de la construction.<\/p>\n<p>Cette technique est \u00e9galement adapt\u00e9e au monde agricole, o\u00f9 la cr\u00e9ation de rainures dans les dalles sur le sol d&rsquo;\u00e9tables ou de box permettent de diminuer le risque de glissades pour le b\u00e9tail.<\/p>\n<p>&nbsp;<\/p>\n\n\t\t<style type=\"text\/css\">\n\t\t\t#gallery-1 {\n\t\t\t\tmargin: auto;\n\t\t\t}\n\t\t\t#gallery-1 .gallery-item {\n\t\t\t\tfloat: left;\n\t\t\t\tmargin-top: 10px;\n\t\t\t\ttext-align: center;\n\t\t\t\twidth: 33%;\n\t\t\t}\n\t\t\t#gallery-1 img {\n\t\t\t\tborder: 2px solid #cfcfcf;\n\t\t\t}\n\t\t\t#gallery-1 .gallery-caption {\n\t\t\t\tmargin-left: 0;\n\t\t\t}\n\t\t\t\/* see gallery_shortcode() in wp-includes\/media.php *\/\n\t\t<\/style>\n\t\t<div id='gallery-1' class='gallery galleryid-80 gallery-columns-3 gallery-size-thumbnail'><dl class='gallery-item'>\n\t\t\t<dt class='gallery-icon portrait'>\n\t\t\t\t<a href='https:\/\/www.efco.lu\/?attachment_id=346'><img width=\"150\" height=\"150\" src=\"https:\/\/www.efco.lu\/wp-content\/uploads\/2015\/02\/IMG_2652-150x150.jpg\" class=\"attachment-thumbnail size-thumbnail\" alt=\"\" decoding=\"async\" loading=\"lazy\" aria-describedby=\"gallery-1-346\" srcset=\"https:\/\/www.efco.lu\/wp-content\/uploads\/2015\/02\/IMG_2652-150x150.jpg 150w, https:\/\/www.efco.lu\/wp-content\/uploads\/2015\/02\/IMG_2652-60x60.jpg 60w, https:\/\/www.efco.lu\/wp-content\/uploads\/2015\/02\/IMG_2652-50x50.jpg 50w, https:\/\/www.efco.lu\/wp-content\/uploads\/2015\/02\/IMG_2652-100x100.jpg 100w\" sizes=\"(max-width: 150px) 100vw, 150px\" \/><\/a>\n\t\t\t<\/dt>\n\t\t\t\t<dd class='wp-caption-text gallery-caption' id='gallery-1-346'>\n\t\t\t\tRabotage &#8211; ECOTEC Differdange\n\t\t\t\t<\/dd><\/dl><dl class='gallery-item'>\n\t\t\t<dt class='gallery-icon portrait'>\n\t\t\t\t<a href='https:\/\/www.efco.lu\/?attachment_id=347'><img width=\"150\" height=\"150\" src=\"https:\/\/www.efco.lu\/wp-content\/uploads\/2015\/02\/IMG_2656-150x150.jpg\" class=\"attachment-thumbnail size-thumbnail\" alt=\"\" decoding=\"async\" loading=\"lazy\" aria-describedby=\"gallery-1-347\" srcset=\"https:\/\/www.efco.lu\/wp-content\/uploads\/2015\/02\/IMG_2656-150x150.jpg 150w, https:\/\/www.efco.lu\/wp-content\/uploads\/2015\/02\/IMG_2656-60x60.jpg 60w, https:\/\/www.efco.lu\/wp-content\/uploads\/2015\/02\/IMG_2656-50x50.jpg 50w, https:\/\/www.efco.lu\/wp-content\/uploads\/2015\/02\/IMG_2656-100x100.jpg 100w\" sizes=\"(max-width: 150px) 100vw, 150px\" \/><\/a>\n\t\t\t<\/dt>\n\t\t\t\t<dd class='wp-caption-text gallery-caption' id='gallery-1-347'>\n\t\t\t\tRabotage &#8211; ECOTEC Differdange\n\t\t\t\t<\/dd><\/dl><dl class='gallery-item'>\n\t\t\t<dt class='gallery-icon portrait'>\n\t\t\t\t<a href='https:\/\/www.efco.lu\/?attachment_id=348'><img width=\"150\" height=\"150\" src=\"https:\/\/www.efco.lu\/wp-content\/uploads\/2015\/02\/IMG_2660-150x150.jpg\" class=\"attachment-thumbnail size-thumbnail\" alt=\"\" decoding=\"async\" loading=\"lazy\" aria-describedby=\"gallery-1-348\" srcset=\"https:\/\/www.efco.lu\/wp-content\/uploads\/2015\/02\/IMG_2660-150x150.jpg 150w, https:\/\/www.efco.lu\/wp-content\/uploads\/2015\/02\/IMG_2660-60x60.jpg 60w, https:\/\/www.efco.lu\/wp-content\/uploads\/2015\/02\/IMG_2660-50x50.jpg 50w, https:\/\/www.efco.lu\/wp-content\/uploads\/2015\/02\/IMG_2660-100x100.jpg 100w\" sizes=\"(max-width: 150px) 100vw, 150px\" \/><\/a>\n\t\t\t<\/dt>\n\t\t\t\t<dd class='wp-caption-text gallery-caption' id='gallery-1-348'>\n\t\t\t\tRabotage &#8211; ECOTEC Differdange\n\t\t\t\t<\/dd><\/dl><br style=\"clear: both\" \/>\n\t\t<\/div>\n\n","protected":false},"excerpt":{"rendered":"<p>Le rabotage est une m\u00e9thode g\u00e9n\u00e9ralement utilis\u00e9e pour rectifier une sur\u00e9paisseur de dalle et de faire disparaitre les diff\u00e9rences de niveau sur les dalles de b\u00e9ton, am\u00e9liorant ainsi les finitions de la construction. Cette technique est \u00e9galement adapt\u00e9e au monde agricole, o\u00f9 la cr\u00e9ation de rainures dans les dalles sur le sol d&rsquo;\u00e9tables ou de [&hellip;]<\/p>\n","protected":false},"author":1,"featured_media":0,"parent":74,"menu_order":0,"comment_status":"closed","ping_status":"closed","template":"","meta":[],"_links":{"self":[{"href":"https:\/\/www.efco.lu\/index.php?rest_route=\/wp\/v2\/pages\/80"}],"collection":[{"href":"https:\/\/www.efco.lu\/index.php?rest_route=\/wp\/v2\/pages"}],"about":[{"href":"https:\/\/www.efco.lu\/index.php?rest_route=\/wp\/v2\/types\/page"}],"author":[{"embeddable":true,"href":"https:\/\/www.efco.lu\/index.php?rest_route=\/wp\/v2\/users\/1"}],"replies":[{"embeddable":true,"href":"https:\/\/www.efco.lu\/index.php?rest_route=%2Fwp%2Fv2%2Fcomments&post=80"}],"version-history":[{"count":5,"href":"https:\/\/www.efco.lu\/index.php?rest_route=\/wp\/v2\/pages\/80\/revisions"}],"predecessor-version":[{"id":350,"href":"https:\/\/www.efco.lu\/index.php?rest_route=\/wp\/v2\/pages\/80\/revisions\/350"}],"up":[{"embeddable":true,"href":"https:\/\/www.efco.lu\/index.php?rest_route=\/wp\/v2\/pages\/74"}],"wp:attachment":[{"href":"https:\/\/www.efco.lu\/index.php?rest_route=%2Fwp%2Fv2%2Fmedia&parent=80"}],"curies":[{"name":"wp","href":"https:\/\/api.w.org\/{rel}","templated":true}]}}