{"id":92,"date":"2015-02-26T15:31:31","date_gmt":"2015-02-26T14:31:31","guid":{"rendered":"http:\/\/www.efco.lu\/?page_id=92"},"modified":"2015-02-26T15:31:31","modified_gmt":"2015-02-26T14:31:31","slug":"blindage-de-fouilles","status":"publish","type":"page","link":"https:\/\/www.efco.lu\/?page_id=92&lang=fr","title":{"rendered":"Blindage de fouilles"},"content":{"rendered":"<style type=\"text\/css\"><!--\nP { margin-bottom: 0.21cm; }\n--><\/style>\n<p>Certains travaux n\u00e9cessitent l\u2019ouverture d\u2019une ou plusieurs tranch\u00e9es, le blindage de ces derni\u00e8res intervient pour renforcer leurs parois, \u00e9vitant un \u00e9croulement.<br \/>\nBlinder vos tranch\u00e9s sur vos chantiers est une mani\u00e8re d\u2019assurer la s\u00e9curit\u00e9 de vos ouvriers.<br \/>\nIl existe plusieurs types de blindage, selon la nature du sol et la taille de votre tranch\u00e9e\u00a0; n\u2019h\u00e9sitez pas \u00e0 nous contacter afin d\u2019obtenir plus d\u2019informations sur ces services.<\/p>\n","protected":false},"excerpt":{"rendered":"<p>Certains travaux n\u00e9cessitent l\u2019ouverture d\u2019une ou plusieurs tranch\u00e9es, le blindage de ces derni\u00e8res intervient pour renforcer leurs parois, \u00e9vitant un \u00e9croulement. Blinder vos tranch\u00e9s sur vos chantiers est une mani\u00e8re d\u2019assurer la s\u00e9curit\u00e9 de vos ouvriers. Il existe plusieurs types de blindage, selon la nature du sol et la taille de votre tranch\u00e9e\u00a0; n\u2019h\u00e9sitez pas [&hellip;]<\/p>\n","protected":false},"author":1,"featured_media":0,"parent":74,"menu_order":0,"comment_status":"closed","ping_status":"closed","template":"","meta":[],"_links":{"self":[{"href":"https:\/\/www.efco.lu\/index.php?rest_route=\/wp\/v2\/pages\/92"}],"collection":[{"href":"https:\/\/www.efco.lu\/index.php?rest_route=\/wp\/v2\/pages"}],"about":[{"href":"https:\/\/www.efco.lu\/index.php?rest_route=\/wp\/v2\/types\/page"}],"author":[{"embeddable":true,"href":"https:\/\/www.efco.lu\/index.php?rest_route=\/wp\/v2\/users\/1"}],"replies":[{"embeddable":true,"href":"https:\/\/www.efco.lu\/index.php?rest_route=%2Fwp%2Fv2%2Fcomments&post=92"}],"version-history":[{"count":1,"href":"https:\/\/www.efco.lu\/index.php?rest_route=\/wp\/v2\/pages\/92\/revisions"}],"predecessor-version":[{"id":93,"href":"https:\/\/www.efco.lu\/index.php?rest_route=\/wp\/v2\/pages\/92\/revisions\/93"}],"up":[{"embeddable":true,"href":"https:\/\/www.efco.lu\/index.php?rest_route=\/wp\/v2\/pages\/74"}],"wp:attachment":[{"href":"https:\/\/www.efco.lu\/index.php?rest_route=%2Fwp%2Fv2%2Fmedia&parent=92"}],"curies":[{"name":"wp","href":"https:\/\/api.w.org\/{rel}","templated":true}]}}