{"id":94,"date":"2015-02-26T15:31:58","date_gmt":"2015-02-26T14:31:58","guid":{"rendered":"http:\/\/www.efco.lu\/?page_id=94"},"modified":"2015-07-29T10:24:22","modified_gmt":"2015-07-29T09:24:22","slug":"foncage-micro-tunneling","status":"publish","type":"page","link":"https:\/\/www.efco.lu\/?page_id=94&lang=fr","title":{"rendered":"Fon\u00e7age, micro-tunneling"},"content":{"rendered":"<style type=\"text\/css\"><!--\nP { margin-bottom: 0.21cm; }\n--><\/style>\n<p>Le fon\u00e7age est une technique de forage \u00e9vitant l\u2019utilisation de tranch\u00e9es, et les perturbations du terrain. Cette m\u00e9thode est tr\u00e8s utilis\u00e9e \u00e0 proximit\u00e9 d\u2019habitations, ou de voies de circulation.<\/p>\n<p>La technique est la suivante\u00a0: Nous ouvrons un puits d\u2019entr\u00e9e et de sortie, pour y ins\u00e9rer une machine qui reliera ces deux points et facilitera le passage de tuyaux ou canalisations.<\/p>\n<p>Le micro-tunneling est la technique utilis\u00e9e pour creuser ces passages \u00e0 l\u2019aide d\u2019une machine dirig\u00e9e par un op\u00e9rateur. Le diam\u00e8tre demand\u00e9 du tunnel ne permet pas l\u2019utilisation d\u2019une machine conduite par un op\u00e9rateur<\/p>\n<p>&nbsp;<\/p>\n\n\t\t<style type=\"text\/css\">\n\t\t\t#gallery-1 {\n\t\t\t\tmargin: auto;\n\t\t\t}\n\t\t\t#gallery-1 .gallery-item {\n\t\t\t\tfloat: left;\n\t\t\t\tmargin-top: 10px;\n\t\t\t\ttext-align: center;\n\t\t\t\twidth: 33%;\n\t\t\t}\n\t\t\t#gallery-1 img {\n\t\t\t\tborder: 2px solid #cfcfcf;\n\t\t\t}\n\t\t\t#gallery-1 .gallery-caption {\n\t\t\t\tmargin-left: 0;\n\t\t\t}\n\t\t\t\/* see gallery_shortcode() in wp-includes\/media.php *\/\n\t\t<\/style>\n\t\t<div id='gallery-1' class='gallery galleryid-94 gallery-columns-3 gallery-size-thumbnail'><dl class='gallery-item'>\n\t\t\t<dt class='gallery-icon landscape'>\n\t\t\t\t<a href='https:\/\/www.efco.lu\/?attachment_id=327'><img width=\"150\" height=\"150\" src=\"https:\/\/www.efco.lu\/wp-content\/uploads\/2015\/02\/012-150x150.jpg\" class=\"attachment-thumbnail size-thumbnail\" alt=\"\" decoding=\"async\" loading=\"lazy\" srcset=\"https:\/\/www.efco.lu\/wp-content\/uploads\/2015\/02\/012-150x150.jpg 150w, https:\/\/www.efco.lu\/wp-content\/uploads\/2015\/02\/012-60x60.jpg 60w, https:\/\/www.efco.lu\/wp-content\/uploads\/2015\/02\/012-50x50.jpg 50w, https:\/\/www.efco.lu\/wp-content\/uploads\/2015\/02\/012-100x100.jpg 100w\" sizes=\"(max-width: 150px) 100vw, 150px\" \/><\/a>\n\t\t\t<\/dt><\/dl><dl class='gallery-item'>\n\t\t\t<dt class='gallery-icon landscape'>\n\t\t\t\t<a href='https:\/\/www.efco.lu\/?attachment_id=329'><img width=\"150\" height=\"150\" src=\"https:\/\/www.efco.lu\/wp-content\/uploads\/2015\/02\/Foto-150x150.jpg\" class=\"attachment-thumbnail size-thumbnail\" alt=\"\" decoding=\"async\" loading=\"lazy\" aria-describedby=\"gallery-1-329\" srcset=\"https:\/\/www.efco.lu\/wp-content\/uploads\/2015\/02\/Foto-150x150.jpg 150w, https:\/\/www.efco.lu\/wp-content\/uploads\/2015\/02\/Foto-60x60.jpg 60w, https:\/\/www.efco.lu\/wp-content\/uploads\/2015\/02\/Foto-50x50.jpg 50w, https:\/\/www.efco.lu\/wp-content\/uploads\/2015\/02\/Foto-100x100.jpg 100w\" sizes=\"(max-width: 150px) 100vw, 150px\" \/><\/a>\n\t\t\t<\/dt>\n\t\t\t\t<dd class='wp-caption-text gallery-caption' id='gallery-1-329'>\n\t\t\t\tFosse de d\u00e9part du fon\u00e7age\n\t\t\t\t<\/dd><\/dl><dl class='gallery-item'>\n\t\t\t<dt class='gallery-icon portrait'>\n\t\t\t\t<a href='https:\/\/www.efco.lu\/?attachment_id=325'><img width=\"150\" height=\"150\" src=\"https:\/\/www.efco.lu\/wp-content\/uploads\/2015\/02\/001-150x150.jpg\" class=\"attachment-thumbnail size-thumbnail\" alt=\"\" decoding=\"async\" loading=\"lazy\" srcset=\"https:\/\/www.efco.lu\/wp-content\/uploads\/2015\/02\/001-150x150.jpg 150w, https:\/\/www.efco.lu\/wp-content\/uploads\/2015\/02\/001-60x60.jpg 60w, https:\/\/www.efco.lu\/wp-content\/uploads\/2015\/02\/001-50x50.jpg 50w, https:\/\/www.efco.lu\/wp-content\/uploads\/2015\/02\/001-100x100.jpg 100w\" sizes=\"(max-width: 150px) 100vw, 150px\" \/><\/a>\n\t\t\t<\/dt><\/dl><br style=\"clear: both\" \/><dl class='gallery-item'>\n\t\t\t<dt class='gallery-icon portrait'>\n\t\t\t\t<a href='https:\/\/www.efco.lu\/?attachment_id=328'><img width=\"150\" height=\"150\" src=\"https:\/\/www.efco.lu\/wp-content\/uploads\/2015\/02\/DSCN3187-150x150.jpg\" class=\"attachment-thumbnail size-thumbnail\" alt=\"\" decoding=\"async\" loading=\"lazy\" srcset=\"https:\/\/www.efco.lu\/wp-content\/uploads\/2015\/02\/DSCN3187-150x150.jpg 150w, https:\/\/www.efco.lu\/wp-content\/uploads\/2015\/02\/DSCN3187-60x60.jpg 60w, https:\/\/www.efco.lu\/wp-content\/uploads\/2015\/02\/DSCN3187-50x50.jpg 50w, https:\/\/www.efco.lu\/wp-content\/uploads\/2015\/02\/DSCN3187-100x100.jpg 100w\" sizes=\"(max-width: 150px) 100vw, 150px\" \/><\/a>\n\t\t\t<\/dt><\/dl><dl class='gallery-item'>\n\t\t\t<dt class='gallery-icon landscape'>\n\t\t\t\t<a href='https:\/\/www.efco.lu\/?attachment_id=326'><img width=\"150\" height=\"150\" src=\"https:\/\/www.efco.lu\/wp-content\/uploads\/2015\/02\/002-150x150.jpg\" class=\"attachment-thumbnail size-thumbnail\" alt=\"\" decoding=\"async\" loading=\"lazy\" srcset=\"https:\/\/www.efco.lu\/wp-content\/uploads\/2015\/02\/002-150x150.jpg 150w, https:\/\/www.efco.lu\/wp-content\/uploads\/2015\/02\/002-60x60.jpg 60w, https:\/\/www.efco.lu\/wp-content\/uploads\/2015\/02\/002-50x50.jpg 50w, https:\/\/www.efco.lu\/wp-content\/uploads\/2015\/02\/002-100x100.jpg 100w\" sizes=\"(max-width: 150px) 100vw, 150px\" \/><\/a>\n\t\t\t<\/dt><\/dl>\n\t\t\t<br style='clear: both' \/>\n\t\t<\/div>\n\n","protected":false},"excerpt":{"rendered":"<p>Le fon\u00e7age est une technique de forage \u00e9vitant l\u2019utilisation de tranch\u00e9es, et les perturbations du terrain. Cette m\u00e9thode est tr\u00e8s utilis\u00e9e \u00e0 proximit\u00e9 d\u2019habitations, ou de voies de circulation. La technique est la suivante\u00a0: Nous ouvrons un puits d\u2019entr\u00e9e et de sortie, pour y ins\u00e9rer une machine qui reliera ces deux points et facilitera le [&hellip;]<\/p>\n","protected":false},"author":1,"featured_media":0,"parent":74,"menu_order":0,"comment_status":"closed","ping_status":"closed","template":"","meta":[],"_links":{"self":[{"href":"https:\/\/www.efco.lu\/index.php?rest_route=\/wp\/v2\/pages\/94"}],"collection":[{"href":"https:\/\/www.efco.lu\/index.php?rest_route=\/wp\/v2\/pages"}],"about":[{"href":"https:\/\/www.efco.lu\/index.php?rest_route=\/wp\/v2\/types\/page"}],"author":[{"embeddable":true,"href":"https:\/\/www.efco.lu\/index.php?rest_route=\/wp\/v2\/users\/1"}],"replies":[{"embeddable":true,"href":"https:\/\/www.efco.lu\/index.php?rest_route=%2Fwp%2Fv2%2Fcomments&post=94"}],"version-history":[{"count":4,"href":"https:\/\/www.efco.lu\/index.php?rest_route=\/wp\/v2\/pages\/94\/revisions"}],"predecessor-version":[{"id":330,"href":"https:\/\/www.efco.lu\/index.php?rest_route=\/wp\/v2\/pages\/94\/revisions\/330"}],"up":[{"embeddable":true,"href":"https:\/\/www.efco.lu\/index.php?rest_route=\/wp\/v2\/pages\/74"}],"wp:attachment":[{"href":"https:\/\/www.efco.lu\/index.php?rest_route=%2Fwp%2Fv2%2Fmedia&parent=94"}],"curies":[{"name":"wp","href":"https:\/\/api.w.org\/{rel}","templated":true}]}}